{"id":17,"date":"2023-01-16T16:47:53","date_gmt":"2023-01-16T16:47:53","guid":{"rendered":"https:\/\/projekt-taras.pl\/?page_id=17"},"modified":"2023-02-16T20:43:40","modified_gmt":"2023-02-16T20:43:40","slug":"wycena","status":"publish","type":"page","link":"https:\/\/projekt-taras.pl\/?page_id=17","title":{"rendered":"Wycena"},"content":{"rendered":"\n<p>Informacje potrzebne do wykonania wyceny :<\/p>\n\n\n\n<p>Taras\u2013 rodzaj pod\u0142o\u017ca (grunt\/wylewka)<br>\u2013 d\u0142ugo\u015b\u0107<br>\u2013 szeroko\u015b\u0107<br>\u2013 wysoko\u015b\u0107 od gruntu\/wylewki<br>\u2013 rodzaj materia\u0142u (drewno\/kompozyt)<br>\u2013 preferowany rodzaj drewna<\/p>\n\n\n\n<p>\u2013 kr\u00f3tki opis tj: liczba schodk\u00f3w lub inne preferencje inwestora&nbsp;&nbsp;<\/p>\n\n\n\n<p><strong>wycena.taras@gmail.com<\/strong>&nbsp; &nbsp;<\/p>\n","protected":false},"excerpt":{"rendered":"<p>Informacje potrzebne do wykonania wyceny : Taras\u2013 rodzaj pod\u0142o\u017ca (grunt\/wylewka)\u2013 d\u0142ugo\u015b\u0107\u2013 szeroko\u015b\u0107\u2013 wysoko\u015b\u0107 od gruntu\/wylewki\u2013 rodzaj materia\u0142u (drewno\/kompozyt)\u2013 preferowany rodzaj drewna \u2013 kr\u00f3tki opis tj: liczba schodk\u00f3w lub inne preferencje inwestora&nbsp;&nbsp; wycena.taras@gmail.com&nbsp; &nbsp;<\/p>\n","protected":false},"author":1,"featured_media":182,"parent":0,"menu_order":3,"comment_status":"closed","ping_status":"closed","template":"","meta":{"footnotes":""},"class_list":["post-17","page","type-page","status-publish","has-post-thumbnail","hentry"],"_links":{"self":[{"href":"https:\/\/projekt-taras.pl\/index.php?rest_route=\/wp\/v2\/pages\/17","targetHints":{"allow":["GET"]}}],"collection":[{"href":"https:\/\/projekt-taras.pl\/index.php?rest_route=\/wp\/v2\/pages"}],"about":[{"href":"https:\/\/projekt-taras.pl\/index.php?rest_route=\/wp\/v2\/types\/page"}],"author":[{"embeddable":true,"href":"https:\/\/projekt-taras.pl\/index.php?rest_route=\/wp\/v2\/users\/1"}],"replies":[{"embeddable":true,"href":"https:\/\/projekt-taras.pl\/index.php?rest_route=%2Fwp%2Fv2%2Fcomments&post=17"}],"version-history":[{"count":5,"href":"https:\/\/projekt-taras.pl\/index.php?rest_route=\/wp\/v2\/pages\/17\/revisions"}],"predecessor-version":[{"id":284,"href":"https:\/\/projekt-taras.pl\/index.php?rest_route=\/wp\/v2\/pages\/17\/revisions\/284"}],"wp:featuredmedia":[{"embeddable":true,"href":"https:\/\/projekt-taras.pl\/index.php?rest_route=\/wp\/v2\/media\/182"}],"wp:attachment":[{"href":"https:\/\/projekt-taras.pl\/index.php?rest_route=%2Fwp%2Fv2%2Fmedia&parent=17"}],"curies":[{"name":"wp","href":"https:\/\/api.w.org\/{rel}","templated":true}]}}