{"id":13,"date":"2023-01-16T16:44:55","date_gmt":"2023-01-16T16:44:55","guid":{"rendered":"https:\/\/projekt-taras.pl\/?page_id=13"},"modified":"2025-01-14T16:45:26","modified_gmt":"2025-01-14T16:45:26","slug":"strona1","status":"publish","type":"page","link":"https:\/\/projekt-taras.pl\/","title":{"rendered":"Strona G\u0142\u00f3wna"},"content":{"rendered":"\n<h2 class=\"wp-block-heading has-text-align-center\"><strong>BUDOWA TARAS\u00d3W DREWNIANYCH I KOMPOZYTOWYCH <\/strong><\/h2>\n\n\n\n<p><\/p>\n\n\n\n<p class=\"has-text-align-center\"><strong>Dzi\u0119kujemy za po\u015bwi\u0119cenie czasu na zapoznanie si\u0119 z nasz\u0105 firm\u0105<\/strong><\/p>\n\n\n\n<p>Firma <strong>C.REKAWEK &nbsp;<\/strong>zajmuje si\u0119 budow\u0105 taras\u00f3w.<\/p>\n\n\n\n<p>\u00a0\u00a0 \u00a0\u00a0Specjalizujemy si\u0119 w budowie taras\u00f3w na zam\u00f3wienie przy u\u017cyciu wysokiej jako\u015bci materia\u0142\u00f3w kompozytowych i tradycyjnych drewnianych. Budujemy tarasy naziemne, podniesione i wielopoziomowe, patio oraz balkony.<\/p>\n\n\n\n<p>Jeste\u015bmy certyfikowan\u0105 firm\u0105 \u00a0monta\u017cow\u0105 deski <strong>WPC<\/strong>.<\/p>\n\n\n\n<p>Zapraszamy do zapoznania si\u0119 z galeri\u0105 zrealizowanych projekt\u00f3w oraz referencjami naszych klient\u00f3w.<\/p>\n\n\n\n<p>Zapewniamy gwarancj\u0119 robocizny\/monta\u017cu na nowo wybudowane tarasy oraz na ca\u0142kowicie wymienione\/przebudowane tarasy.<\/p>\n\n\n\n<p>\u0141\u0105czymy \u017cyczenia klient\u00f3w z przepisami budowlanymi, funkcjonalno\u015bci\u0105 i jako\u015bci\u0105 wykonania.<\/p>\n\n\n\n<p><\/p>\n","protected":false},"excerpt":{"rendered":"<p>BUDOWA TARAS\u00d3W DREWNIANYCH I KOMPOZYTOWYCH Dzi\u0119kujemy za po\u015bwi\u0119cenie czasu na zapoznanie si\u0119 z nasz\u0105 firm\u0105 Firma C.REKAWEK &nbsp;zajmuje si\u0119 budow\u0105 taras\u00f3w. \u00a0\u00a0 \u00a0\u00a0Specjalizujemy si\u0119 w budowie taras\u00f3w na zam\u00f3wienie przy u\u017cyciu wysokiej jako\u015bci materia\u0142\u00f3w kompozytowych i tradycyjnych drewnianych. Budujemy tarasy naziemne, podniesione i wielopoziomowe, patio oraz balkony. Jeste\u015bmy certyfikowan\u0105 firm\u0105 \u00a0monta\u017cow\u0105 deski WPC. Zapraszamy do &hellip; <\/p>\n<p class=\"link-more\"><a href=\"https:\/\/projekt-taras.pl\/\" class=\"more-link\">Czytaj dalej<span class=\"screen-reader-text\"> \u201eStrona G\u0142\u00f3wna\u201d<\/span><\/a><\/p>\n","protected":false},"author":1,"featured_media":0,"parent":0,"menu_order":1,"comment_status":"closed","ping_status":"closed","template":"","meta":{"footnotes":""},"class_list":["post-13","page","type-page","status-publish","hentry"],"_links":{"self":[{"href":"https:\/\/projekt-taras.pl\/index.php?rest_route=\/wp\/v2\/pages\/13","targetHints":{"allow":["GET"]}}],"collection":[{"href":"https:\/\/projekt-taras.pl\/index.php?rest_route=\/wp\/v2\/pages"}],"about":[{"href":"https:\/\/projekt-taras.pl\/index.php?rest_route=\/wp\/v2\/types\/page"}],"author":[{"embeddable":true,"href":"https:\/\/projekt-taras.pl\/index.php?rest_route=\/wp\/v2\/users\/1"}],"replies":[{"embeddable":true,"href":"https:\/\/projekt-taras.pl\/index.php?rest_route=%2Fwp%2Fv2%2Fcomments&post=13"}],"version-history":[{"count":11,"href":"https:\/\/projekt-taras.pl\/index.php?rest_route=\/wp\/v2\/pages\/13\/revisions"}],"predecessor-version":[{"id":808,"href":"https:\/\/projekt-taras.pl\/index.php?rest_route=\/wp\/v2\/pages\/13\/revisions\/808"}],"wp:attachment":[{"href":"https:\/\/projekt-taras.pl\/index.php?rest_route=%2Fwp%2Fv2%2Fmedia&parent=13"}],"curies":[{"name":"wp","href":"https:\/\/api.w.org\/{rel}","templated":true}]}}